{"id":295,"date":"2017-07-01T18:21:35","date_gmt":"2017-07-01T16:21:35","guid":{"rendered":"http:\/\/askamaskinstation.se\/start\/?page_id=295"},"modified":"2023-05-28T11:11:34","modified_gmt":"2023-05-28T09:11:34","slug":"295-2","status":"publish","type":"page","link":"http:\/\/askamaskinstation.se\/start\/","title":{"rendered":"Hem"},"content":{"rendered":"<p>Hej!<\/p>\n<p>Vi \u00e4r ett par br\u00f6der som har ett f\u00f6retag d\u00e4r vi g\u00f6r entreprenadtj\u00e4nster m.m.<br \/>\nVi driver \u00e4ven en g\u00e5rd.<\/p>\n<p>Vi verkar fr\u00e4mst i Vadstena, Motala och Mj\u00f6lby kommun.<\/p>\n<p>H\u00e4r t\u00e4nkte vi visa \u00a0ett urval av tj\u00e4nster och produkter vi har f\u00f6r ge en id\u00e9 av vad vi g\u00f6r och kan erbjuda. Bilder p\u00e5 ett urval av jobb kan du se p\u00e5:<\/p>\n<p><a href=\"https:\/\/www.facebook.com\/askamaskinstation\/\">https:\/\/www.facebook.com\/askamaskinstation\/<\/a><\/p>\n<p>&nbsp;<\/p>\n<p>Kontakta oss alltid f\u00f6r mer specifika fr\u00e5gor och prisuppgifter.<\/p>\n<p>&nbsp;<\/p>\n<p><strong>Nu har vi \u00e4ven minireningsverk f\u00f6r normal och h\u00f6g skyddsniv\u00e5 som \u00e4r kemfria.\u00a0 <a href=\"https:\/\/www.kemfritt.se\/\">KLICKA H\u00c4R\u00a0<\/a><\/strong><\/p>\n<p>&nbsp;<\/p>\n<p style=\"text-align: center;\">\n","protected":false},"excerpt":{"rendered":"<p>Hej! Vi \u00e4r ett par br\u00f6der som har ett f\u00f6retag d\u00e4r vi g\u00f6r entreprenadtj\u00e4nster m.m. Vi driver \u00e4ven en g\u00e5rd. Vi verkar fr\u00e4mst i Vadstena, Motala och Mj\u00f6lby kommun. H\u00e4r t\u00e4nkte vi visa \u00a0ett urval av tj\u00e4nster och produkter vi har f\u00f6r ge en id\u00e9 av vad vi g\u00f6r och kan erbjuda. Bilder p\u00e5 ett [&hellip;]<\/p>\n","protected":false},"author":1,"featured_media":0,"parent":0,"menu_order":0,"comment_status":"closed","ping_status":"closed","template":"","meta":{"_monsterinsights_skip_tracking":false,"_monsterinsights_sitenote_active":false,"_monsterinsights_sitenote_note":"","_monsterinsights_sitenote_category":0,"footnotes":""},"class_list":["post-295","page","type-page","status-publish","hentry"],"_links":{"self":[{"href":"http:\/\/askamaskinstation.se\/start\/wp-json\/wp\/v2\/pages\/295","targetHints":{"allow":["GET"]}}],"collection":[{"href":"http:\/\/askamaskinstation.se\/start\/wp-json\/wp\/v2\/pages"}],"about":[{"href":"http:\/\/askamaskinstation.se\/start\/wp-json\/wp\/v2\/types\/page"}],"author":[{"embeddable":true,"href":"http:\/\/askamaskinstation.se\/start\/wp-json\/wp\/v2\/users\/1"}],"replies":[{"embeddable":true,"href":"http:\/\/askamaskinstation.se\/start\/wp-json\/wp\/v2\/comments?post=295"}],"version-history":[{"count":15,"href":"http:\/\/askamaskinstation.se\/start\/wp-json\/wp\/v2\/pages\/295\/revisions"}],"predecessor-version":[{"id":480,"href":"http:\/\/askamaskinstation.se\/start\/wp-json\/wp\/v2\/pages\/295\/revisions\/480"}],"wp:attachment":[{"href":"http:\/\/askamaskinstation.se\/start\/wp-json\/wp\/v2\/media?parent=295"}],"curies":[{"name":"wp","href":"https:\/\/api.w.org\/{rel}","templated":true}]}}