{"id":323,"date":"2017-07-01T23:31:45","date_gmt":"2017-07-01T21:31:45","guid":{"rendered":"http:\/\/askamaskinstation.se\/start\/?page_id=323"},"modified":"2023-05-28T11:13:52","modified_gmt":"2023-05-28T09:13:52","slug":"material","status":"publish","type":"page","link":"http:\/\/askamaskinstation.se\/start\/material\/","title":{"rendered":"Material"},"content":{"rendered":"<blockquote><p>H\u00e4r \u00e4r ett urval av produkter vi handlar med. \u00a0Ta kontakt med oss f\u00f6r fullt urval och f\u00f6r att se om vi har den variant av produkt du s\u00f6ker.<\/p><\/blockquote>\n<p>Titta \u00e4ven i <a href=\"http:\/\/askamaskinstation.se\/start\/galleri\/\">galleriet <\/a>f\u00f6r att \u00e4ven se olika produkter vi jobbar med.<\/p>\n<p>&nbsp;<\/p>\n<p><strong>Reningsverk utan kemikalier<\/strong><\/p>\n<p>Mer info &#8211; <a href=\"https:\/\/www.kemfritt.se\/\">KLICKA H\u00c4R<\/a><\/p>\n<p>&nbsp;<\/p>\n<div class=\"t4p-section-separator section-separator\" style=\"border-top:1px solid #1e73be;\"><div class=\"divider-candy top\" style=\"background-color:#1e73be;border-bottom:1px solid #1e73be;border-left:1px solid #1e73be;\"><\/div><div class=\"divider-candy bottom\" style=\"background-color:#1e73be;border-bottom:1px solid #1e73be;border-left:1px solid #1e73be;\"><\/div><\/div>\n<div class=\"t4p-menu-anchor\" id=\"trekammarbrunn\"><\/div>\n<p>&nbsp;<\/p>\n<p><strong>Trekammarbrunnar<\/strong><\/p>\n<p>Vi s\u00e4ljer trekammarbrunnar i betong. \u00a0Brunnarna \u00e4r kostnadseffektiva och h\u00e5llbara.<\/p>\n<p>&nbsp;<\/p>\n<p>En\u00a0trekammarbrunn\u00a0\u00e4r en slamavskiljare vars tre kammare avskiljer slammet innan det leds\u00a0vidare till exempelvis en infiltrationsanl\u00e4ggning.<\/p>\n<p>Brunnarna tillverkas av Tran\u00e5s Cementvarufabrik. De har l\u00e5ng erfarenhet av att tillverka och leverera trekammarbrunnar i st\u00e5lfiberbetong. \u00a0Den ber\u00f6mda Tran\u00e5sbrunnen \u00e4r tack vare sin livsl\u00e4ngd i kombination med h\u00f6g funktionalitet och monteringsv\u00e4nlighet fortfarande \u00f6verl\u00e4gsen slamavskiljare tillverkade i plast.<\/p>\n<p>F\u00f6rdelar med Tran\u00e5sbrunnen:<\/p>\n<ul>\n<li>L\u00e5g byggh\u00f6jd<\/li>\n<li>L\u00e4tt att montera<\/li>\n<li>God totalekonomi<\/li>\n<li>Perfekt insyn vid inspektion\/slamt\u00f6mning<\/li>\n<li>T\u00e5lig vid t\u00f6mning<\/li>\n<\/ul>\n<p>Brunnen \u00e4r P-m\u00e4rkt och godk\u00e4nd av SITAC. Den \u00e4r dessutom givetvis CE-m\u00e4rkt och certifierad i enlighet med EN 12566-1.<\/p>\n<div class=\"images-carousel-container t4p-image-carousel lightbox-enabled\"><div class=\"es-carousel-wrapper t4p-carousel-small\"><div class=\"es-carousel\"><ul>\n<li><div class=\"image\"><a rel=\"prettyPhoto[gallery_image_1]\" href=\"http:\/\/askamaskinstation.se\/start\/wp-content\/uploads\/2017\/07\/IMG_20170703_101803-225x300.jpg\" target=\"_self\"><img decoding=\"async\" src=\"http:\/\/askamaskinstation.se\/start\/wp-content\/uploads\/2017\/07\/IMG_20170703_101803-225x300.jpg\" alt=\"\" \/><\/a><\/div><\/li>\n<li><div class=\"image\"><a rel=\"prettyPhoto[gallery_image_1]\" href=\"http:\/\/askamaskinstation.se\/start\/wp-content\/uploads\/2017\/07\/12926354-origpic-4b0683-300x162.jpg\" target=\"_self\"><img decoding=\"async\" src=\"http:\/\/askamaskinstation.se\/start\/wp-content\/uploads\/2017\/07\/12926354-origpic-4b0683-300x162.jpg\" alt=\"\" \/><\/a><\/div><\/li>\n<li><div class=\"image\"><a rel=\"prettyPhoto[gallery_image_1]\" href=\"http:\/\/askamaskinstation.se\/start\/wp-content\/uploads\/2017\/07\/IMG_20170703_161134-225x300.jpg\" target=\"_self\"><img decoding=\"async\" src=\"http:\/\/askamaskinstation.se\/start\/wp-content\/uploads\/2017\/07\/IMG_20170703_161134-225x300.jpg\" alt=\"\" \/><\/a><\/div><\/li>\n<li><div class=\"image\"><a rel=\"prettyPhoto[gallery_image_1]\" href=\"http:\/\/askamaskinstation.se\/start\/wp-content\/uploads\/2017\/07\/Slamavskiljare-300x225.jpg\" target=\"_self\"><img decoding=\"async\" src=\"http:\/\/askamaskinstation.se\/start\/wp-content\/uploads\/2017\/07\/Slamavskiljare-300x225.jpg\" alt=\"\" \/><\/a><\/div><\/li>\n<\/ul><\/div><div class=\"es-nav\"><span class=\"es-nav-prev\"><\/span><span class=\"es-nav-next\"><\/span><\/div><\/div><\/div>\n<div class=\"t4p-menu-anchor\" id=\"burk\"><\/div>\n<div class=\"t4p-section-separator section-separator\" style=\"border-top:1px solid #1e73be;\"><div class=\"divider-candy top\" style=\"background-color:#1e73be;border-bottom:1px solid #1e73be;border-left:1px solid #1e73be;\"><\/div><div class=\"divider-candy bottom\" style=\"background-color:#1e73be;border-bottom:1px solid #1e73be;border-left:1px solid #1e73be;\"><\/div><\/div>\n<p>&nbsp;<\/p>\n<p><strong>Markb\u00e4dd p\u00e5 burk.<\/strong><\/p>\n<p>Har man ont om utrymme eller av andra sk\u00e4l beh\u00f6ver en kompakt markb\u00e4dd efter trekammarbrunnen s\u00e5 har vi att erbjuda: Markb\u00e4dd p\u00e5 burk.<\/p>\n<p>En komplett markb\u00e4dd som endast tar upp 1,5 kvadratmeter yta.<\/p>\n<p>Efter slamavskiljning leds vattnet in i enheten\u00a0och sprids med spridarr\u00f6r \u00f6ver det medium som finns placerat i tanken. Mediet \u00e4r ett fibermaterial med en absorberande f\u00f6rm\u00e5ga att h\u00e5lla kvar vatten, \u201dsom en v\u00e5t tv\u00e4ttsvamp\u201d. Detta bidrar till att vattnet stannar kvar och f\u00e5r en maximerad uppeh\u00e5llstid f\u00f6r den biologiska behandlingen. Mediet \u00e4r behandlat med ett enzym och den biologiska reningen p\u00e5b\u00f6rjas direkt vid belastning. Syres\u00e4ttning av mediet sker genom flera niv\u00e5er, d\u00e5 det i finns olika lager med medium och separerande material f\u00f6r syres\u00e4ttning. Den separata avluftning som 4evergreen markb\u00e4dd p\u00e5 burk\u00a0har m\u00f6jligg\u00f6r en mycket effektiv syres\u00e4ttning genom sj\u00e4lvdrag.<\/p>\n<p>Den kraftiga syres\u00e4ttningen av mediet bidrar till att skapa f\u00f6ruts\u00e4ttningar f\u00f6r att behandla avloppsvatten p\u00e5 exakt samma s\u00e4tt som naturen behandlar avloppsvatten i marken eller i utkanten av en damm. Bakterietillv\u00e4xt sker p\u00e5 ytan av och inne i sj\u00e4lva mediet. Det organiska material som f\u00e5ngas i mediet bryts ned biologiskt, och det rena vattnet sipprar igenom. Sj\u00e4lva ytan f\u00f6r bakteritillv\u00e4xt \u00e4r mycket stor. Mediet finns i tusentals uppkapade kuber i olika fraktioner placerade i enheten. D\u00e5 varje kub har sex sidor blir sj\u00e4lva ytan f\u00f6r bakterietillv\u00e4xt mycket stor i j\u00e4mf\u00f6relse med\u00a0den yta som sj\u00e4lva enheten\u00a0tar i anspr\u00e5k.<\/p>\n<p>Den absoluta f\u00f6rdelen med 4evergreen markb\u00e4dd p\u00e5 burk\u00a0\u00e4r att det \u00e4r ett system som inte gr\u00e4vs igen. Enheten\u00a0\u00e4r utrustad med ett lock som man kan lyfta p\u00e5. Detta inneb\u00e4r att man enkelt kan underh\u00e5lla systemet. Skulle det uppst\u00e5 driftst\u00f6rningar s\u00e5 som slamflykt, kan man l\u00e4tt plocka upp de s\u00e4ckar som mediet ligger i och sk\u00f6lja rent dem med en tr\u00e4dg\u00e5rdsslang \u00f6ver slamavskljaren.<\/p>\n<p><img loading=\"lazy\" decoding=\"async\" class=\"alignnone size-medium wp-image-371\" src=\"http:\/\/askamaskinstation.se\/start\/wp-content\/uploads\/2017\/07\/hurfungerar-300x216.png\" alt=\"\" width=\"300\" height=\"216\" srcset=\"http:\/\/askamaskinstation.se\/start\/wp-content\/uploads\/2017\/07\/hurfungerar-300x216.png 300w, http:\/\/askamaskinstation.se\/start\/wp-content\/uploads\/2017\/07\/hurfungerar.png 505w\" sizes=\"auto, (max-width: 300px) 100vw, 300px\" \/><\/p>\n<div class=\"t4p-menu-anchor\" id=\"dran\"><\/div>\n<div class=\"t4p-section-separator section-separator\" style=\"border-top:1px solid #1e73be;\"><div class=\"divider-candy top\" style=\"background-color:#1e73be;border-bottom:1px solid #1e73be;border-left:1px solid #1e73be;\"><\/div><div class=\"divider-candy bottom\" style=\"background-color:#1e73be;border-bottom:1px solid #1e73be;border-left:1px solid #1e73be;\"><\/div><\/div>\n<p>&nbsp;<\/p>\n<p><strong>Jordbruksdr\u00e4nering<\/strong><\/p>\n<p>Vi s\u00e4ljer jordbruksdr\u00e4nering med tillh\u00f6rande delar. \u00c4ven st\u00f6rre partier. Konkurrenskraftiga priser.<\/p>\n<div class=\"images-carousel-container t4p-image-carousel lightbox-enabled\"><div class=\"es-carousel-wrapper t4p-carousel-small\"><div class=\"es-carousel\"><ul>\n<li><div class=\"image\"><a rel=\"prettyPhoto[gallery_image_2]\" href=\"http:\/\/askamaskinstation.se\/start\/wp-content\/uploads\/2017\/07\/294796_dr\u00e4nering_r\u00f6da_r\u00f6r_476x308_476x308-300x194.jpg\" target=\"_self\"><img decoding=\"async\" src=\"http:\/\/askamaskinstation.se\/start\/wp-content\/uploads\/2017\/07\/294796_dr\u00e4nering_r\u00f6da_r\u00f6r_476x308_476x308-300x194.jpg\" alt=\"\" \/><\/a><\/div><\/li>\n<li><div class=\"image\"><a rel=\"prettyPhoto[gallery_image_2]\" href=\"http:\/\/askamaskinstation.se\/start\/wp-content\/uploads\/2017\/07\/3454810A-300x300.jpg\" target=\"_self\"><img decoding=\"async\" src=\"http:\/\/askamaskinstation.se\/start\/wp-content\/uploads\/2017\/07\/3454810A-300x300.jpg\" alt=\"\" \/><\/a><\/div><\/li>\n<li><div class=\"image\"><a rel=\"prettyPhoto[gallery_image_2]\" href=\"http:\/\/askamaskinstation.se\/start\/wp-content\/uploads\/2017\/07\/ladda-ned.jpg\" target=\"_self\"><img decoding=\"async\" src=\"http:\/\/askamaskinstation.se\/start\/wp-content\/uploads\/2017\/07\/ladda-ned.jpg\" alt=\"\" \/><\/a><\/div><\/li>\n<\/ul><\/div><div class=\"es-nav\"><span class=\"es-nav-prev\"><\/span><span class=\"es-nav-next\"><\/span><\/div><\/div><\/div>\n<div class=\"t4p-menu-anchor\" id=\"betong\"><\/div>\n<div class=\"t4p-section-separator section-separator\" style=\"border-top:1px solid #1e73be;\"><div class=\"divider-candy top\" style=\"background-color:#1e73be;border-bottom:1px solid #1e73be;border-left:1px solid #1e73be;\"><\/div><div class=\"divider-candy bottom\" style=\"background-color:#1e73be;border-bottom:1px solid #1e73be;border-left:1px solid #1e73be;\"><\/div><\/div>\n<p><strong>Betongbrunnar, betonglock<\/strong><\/p>\n<p>Vi s\u00e4ljer m\u00e5nga olika betongvaror. Brunnar, lock, muffr\u00f6r, k\u00f6rbara lock \u00a0m.m.<\/p>\n<div class=\"images-carousel-container t4p-image-carousel lightbox-enabled\"><div class=\"es-carousel-wrapper t4p-carousel-small\"><div class=\"es-carousel\"><ul>\n<li><div class=\"image\"><a rel=\"prettyPhoto[gallery_image_3]\" href=\"http:\/\/askamaskinstation.se\/start\/wp-content\/uploads\/2017\/07\/betong-300x113.jpg\" target=\"_self\"><img decoding=\"async\" src=\"http:\/\/askamaskinstation.se\/start\/wp-content\/uploads\/2017\/07\/betong-300x113.jpg\" alt=\"\" \/><\/a><\/div><\/li>\n<li><div class=\"image\"><a rel=\"prettyPhoto[gallery_image_3]\" href=\"http:\/\/askamaskinstation.se\/start\/wp-content\/uploads\/2017\/07\/IMG_20170703_141304-225x300.jpg\" target=\"_self\"><img decoding=\"async\" src=\"http:\/\/askamaskinstation.se\/start\/wp-content\/uploads\/2017\/07\/IMG_20170703_141304-225x300.jpg\" alt=\"\" \/><\/a><\/div><\/li>\n<li><div class=\"image\"><a rel=\"prettyPhoto[gallery_image_3]\" href=\"http:\/\/askamaskinstation.se\/start\/wp-content\/uploads\/2017\/07\/IMG_20170703_141313-225x300.jpg\" target=\"_self\"><img decoding=\"async\" src=\"http:\/\/askamaskinstation.se\/start\/wp-content\/uploads\/2017\/07\/IMG_20170703_141313-225x300.jpg\" alt=\"\" \/><\/a><\/div><\/li>\n<\/ul><\/div><div class=\"es-nav\"><span class=\"es-nav-prev\"><\/span><span class=\"es-nav-next\"><\/span><\/div><\/div><\/div>\n<div class=\"t4p-section-separator section-separator\" style=\"border-top:1px solid #1e73be;\"><div class=\"divider-candy top\" style=\"background-color:#1e73be;border-bottom:1px solid #1e73be;border-left:1px solid #1e73be;\"><\/div><div class=\"divider-candy bottom\" style=\"background-color:#1e73be;border-bottom:1px solid #1e73be;border-left:1px solid #1e73be;\"><\/div><\/div>\n<div class=\"t4p-menu-anchor\" id=\"trumma\"><\/div>\n<p><strong>V\u00e4gtrummor<\/strong><\/p>\n<p>150,200, 300,400 mm i diameter. \u00a06m l\u00e4ngder.<\/p>\n<p><img loading=\"lazy\" decoding=\"async\" class=\"alignnone size-medium wp-image-381\" src=\"http:\/\/askamaskinstation.se\/start\/wp-content\/uploads\/2017\/07\/V\u00e4gtrummor-300x225.jpg\" alt=\"\" width=\"300\" height=\"225\" srcset=\"http:\/\/askamaskinstation.se\/start\/wp-content\/uploads\/2017\/07\/V\u00e4gtrummor-300x225.jpg 300w, http:\/\/askamaskinstation.se\/start\/wp-content\/uploads\/2017\/07\/V\u00e4gtrummor.jpg 400w\" sizes=\"auto, (max-width: 300px) 100vw, 300px\" \/><\/p>\n<div class=\"t4p-section-separator section-separator\" style=\"border-top:1px solid #1e73be;\"><div class=\"divider-candy top\" style=\"background-color:#1e73be;border-bottom:1px solid #1e73be;border-left:1px solid #1e73be;\"><\/div><div class=\"divider-candy bottom\" style=\"background-color:#1e73be;border-bottom:1px solid #1e73be;border-left:1px solid #1e73be;\"><\/div><\/div>\n<p>&nbsp;<\/p>\n<p><strong>Husdr\u00e4nering, DSA-r\u00f6r<\/strong><\/p>\n<p>Olika PE dubbelv\u00e4ggiga dr\u00e4neringsr\u00f6r.<\/p>\n<p><img loading=\"lazy\" decoding=\"async\" class=\"alignnone size-medium wp-image-382\" src=\"http:\/\/askamaskinstation.se\/start\/wp-content\/uploads\/2017\/07\/500344550_1-226x300.jpg\" alt=\"\" width=\"226\" height=\"300\" srcset=\"http:\/\/askamaskinstation.se\/start\/wp-content\/uploads\/2017\/07\/500344550_1-226x300.jpg 226w, http:\/\/askamaskinstation.se\/start\/wp-content\/uploads\/2017\/07\/500344550_1.jpg 550w\" sizes=\"auto, (max-width: 226px) 100vw, 226px\" \/><\/p>\n<p>&nbsp;<\/p>\n<div class=\"t4p-section-separator section-separator\" style=\"border-top:1px solid #1e73be;\"><div class=\"divider-candy top\" style=\"background-color:#1e73be;border-bottom:1px solid #1e73be;border-left:1px solid #1e73be;\"><\/div><div class=\"divider-candy bottom\" style=\"background-color:#1e73be;border-bottom:1px solid #1e73be;border-left:1px solid #1e73be;\"><\/div><\/div>\n<p>&nbsp;<\/p>\n<p>&nbsp;<\/p>\n<p><strong>Mark-PVC r\u00f6r och b\u00f6jar\/muffar<\/strong><\/p>\n<p>R\u00f6r i olika l\u00e4ngder och dimensioner. Ocks\u00e5 alla olika tillh\u00f6rande r\u00f6rdelar.<br \/>\n<div class=\"images-carousel-container t4p-image-carousel lightbox-enabled\"><div class=\"es-carousel-wrapper t4p-carousel-small\"><div class=\"es-carousel\"><ul>\n<li><div class=\"image\"><a rel=\"prettyPhoto[gallery_image_4]\" href=\"http:\/\/askamaskinstation.se\/start\/wp-content\/uploads\/2017\/07\/14_52_452350403-14-52-45-300x300.jpg\" target=\"_self\"><img decoding=\"async\" src=\"http:\/\/askamaskinstation.se\/start\/wp-content\/uploads\/2017\/07\/14_52_452350403-14-52-45-300x300.jpg\" alt=\"\" \/><\/a><\/div><\/li>\n<li><div class=\"image\"><a rel=\"prettyPhoto[gallery_image_4]\" href=\"http:\/\/askamaskinstation.se\/start\/wp-content\/uploads\/2017\/07\/Mark-PVC-300x200.jpg\" target=\"_self\"><img decoding=\"async\" src=\"http:\/\/askamaskinstation.se\/start\/wp-content\/uploads\/2017\/07\/Mark-PVC-300x200.jpg\" alt=\"\" \/><\/a><\/div><\/li>\n<li><div class=\"image\"><a rel=\"prettyPhoto[gallery_image_4]\" href=\"http:\/\/askamaskinstation.se\/start\/wp-content\/uploads\/2017\/07\/markboj-30-pvc-300x300.jpg\" target=\"_self\"><img decoding=\"async\" src=\"http:\/\/askamaskinstation.se\/start\/wp-content\/uploads\/2017\/07\/markboj-30-pvc-300x300.jpg\" alt=\"\" \/><\/a><\/div><\/li>\n<li><div class=\"image\"><a rel=\"prettyPhoto[gallery_image_4]\" href=\"http:\/\/askamaskinstation.se\/start\/wp-content\/uploads\/2017\/07\/6420864-300x300.jpg\" target=\"_self\"><img decoding=\"async\" src=\"http:\/\/askamaskinstation.se\/start\/wp-content\/uploads\/2017\/07\/6420864-300x300.jpg\" alt=\"\" \/><\/a><\/div><\/li>\n<li><div class=\"image\"><a rel=\"prettyPhoto[gallery_image_4]\" href=\"http:\/\/askamaskinstation.se\/start\/wp-content\/uploads\/2017\/07\/2356046-300x300.jpg\" target=\"_self\"><img decoding=\"async\" src=\"http:\/\/askamaskinstation.se\/start\/wp-content\/uploads\/2017\/07\/2356046-300x300.jpg\" alt=\"\" \/><\/a><\/div><\/li>\n<li><div class=\"image\"><a rel=\"prettyPhoto[gallery_image_4]\" href=\"http:\/\/askamaskinstation.se\/start\/wp-content\/uploads\/2017\/07\/2354934-300x241.jpg\" target=\"_self\"><img decoding=\"async\" src=\"http:\/\/askamaskinstation.se\/start\/wp-content\/uploads\/2017\/07\/2354934-300x241.jpg\" alt=\"\" \/><\/a><\/div><\/li>\n<li><div class=\"image\"><a rel=\"prettyPhoto[gallery_image_4]\" href target=\"_self\"><img decoding=\"async\" src=\"\" alt=\"\" \/><\/a><\/div><\/li>\n<\/ul><\/div><div class=\"es-nav\"><span class=\"es-nav-prev\"><\/span><span class=\"es-nav-next\"><\/span><\/div><\/div><\/div>\n<p>&nbsp;<\/p>\n<div class=\"t4p-section-separator section-separator\" style=\"border-top:1px solid #1e73be;\"><div class=\"divider-candy top\" style=\"background-color:#1e73be;border-bottom:1px solid #1e73be;border-left:1px solid #1e73be;\"><\/div><div class=\"divider-candy bottom\" style=\"background-color:#1e73be;border-bottom:1px solid #1e73be;border-left:1px solid #1e73be;\"><\/div><\/div>\n<p>&nbsp;<\/p>\n<p><strong>PEM-slang<\/strong><\/p>\n<p>Vattenslang, Avloppsslang, Fiberslang, m.m<br \/>\nOlika dimensioner och l\u00e4ngder.<br \/>\n\u00c4ven olika tillh\u00f6rande kopplingar.<\/p>\n<div class=\"images-carousel-container t4p-image-carousel lightbox-enabled\"><div class=\"es-carousel-wrapper t4p-carousel-small\"><div class=\"es-carousel\"><ul>\n<li><div class=\"image\"><a rel=\"prettyPhoto[gallery_image_5]\" href=\"http:\/\/askamaskinstation.se\/start\/wp-content\/uploads\/2017\/07\/Pemslang-300x214.png\" target=\"_self\"><img decoding=\"async\" src=\"http:\/\/askamaskinstation.se\/start\/wp-content\/uploads\/2017\/07\/Pemslang-300x214.png\" alt=\"\" \/><\/a><\/div><\/li>\n<li><div class=\"image\"><a rel=\"prettyPhoto[gallery_image_5]\" href target=\"_self\"><img decoding=\"async\" src=\"\" alt=\"\" \/><\/a><\/div><\/li>\n<li><div class=\"image\"><a rel=\"prettyPhoto[gallery_image_5]\" href=\"http:\/\/askamaskinstation.se\/start\/wp-content\/uploads\/2017\/07\/8872683372574-256x300.jpg\" target=\"_self\"><img decoding=\"async\" src=\"http:\/\/askamaskinstation.se\/start\/wp-content\/uploads\/2017\/07\/8872683372574-256x300.jpg\" alt=\"\" \/><\/a><\/div><\/li>\n<li><div class=\"image\"><a rel=\"prettyPhoto[gallery_image_5]\" href=\"http:\/\/askamaskinstation.se\/start\/wp-content\/uploads\/2017\/07\/grp-gridimage-15ee8b-300x146.jpg\" target=\"_self\"><img decoding=\"async\" src=\"http:\/\/askamaskinstation.se\/start\/wp-content\/uploads\/2017\/07\/grp-gridimage-15ee8b-300x146.jpg\" alt=\"\" \/><\/a><\/div><\/li>\n<li><div class=\"image\"><a rel=\"prettyPhoto[gallery_image_5]\" href=\"http:\/\/askamaskinstation.se\/start\/wp-content\/uploads\/2017\/07\/pemslang_pemkoppling-300x295.jpg\" target=\"_self\"><img decoding=\"async\" src=\"http:\/\/askamaskinstation.se\/start\/wp-content\/uploads\/2017\/07\/pemslang_pemkoppling-300x295.jpg\" alt=\"\" \/><\/a><\/div><\/li>\n<li><div class=\"image\"><a rel=\"prettyPhoto[gallery_image_5]\" href target=\"_self\"><img decoding=\"async\" src=\"\" alt=\"\" \/><\/a><\/div><\/li>\n<\/ul><\/div><div class=\"es-nav\"><span class=\"es-nav-prev\"><\/span><span class=\"es-nav-next\"><\/span><\/div><\/div><\/div>\n<p>&nbsp;<\/p>\n<div class=\"t4p-section-separator section-separator\" style=\"border-top:1px solid #1e73be;\"><div class=\"divider-candy top\" style=\"background-color:#1e73be;border-bottom:1px solid #1e73be;border-left:1px solid #1e73be;\"><\/div><div class=\"divider-candy bottom\" style=\"background-color:#1e73be;border-bottom:1px solid #1e73be;border-left:1px solid #1e73be;\"><\/div><\/div>\n<p>&nbsp;<\/p>\n<p><strong>Dr\u00e4nkbara pumpar<\/strong><\/p>\n<p>Olika dr\u00e4nkbara pumpar f\u00f6r varierande behov med olika startalternativ.<\/p>\n<p>&nbsp;<\/p>\n<div class=\"t4p-section-separator section-separator\" style=\"border-top:1px solid #1e73be;\"><div class=\"divider-candy top\" style=\"background-color:#1e73be;border-bottom:1px solid #1e73be;border-left:1px solid #1e73be;\"><\/div><div class=\"divider-candy bottom\" style=\"background-color:#1e73be;border-bottom:1px solid #1e73be;border-left:1px solid #1e73be;\"><\/div><\/div>\n<p>&nbsp;<\/p>\n<p>&nbsp;<\/p>\n<p><strong>Kollektorslang till ytjordv\u00e4rme<\/strong><\/p>\n<p>&nbsp;<\/p>\n<div class=\"t4p-section-separator section-separator\" style=\"border-top:1px solid #1e73be;\"><div class=\"divider-candy top\" style=\"background-color:#1e73be;border-bottom:1px solid #1e73be;border-left:1px solid #1e73be;\"><\/div><div class=\"divider-candy bottom\" style=\"background-color:#1e73be;border-bottom:1px solid #1e73be;border-left:1px solid #1e73be;\"><\/div><\/div>\n<p>&nbsp;<\/p>\n<p><strong>Vattenrening<\/strong><\/p>\n<p>Vi s\u00e4ljer och installerar avkalkare, kombinationsfilter, UV-ljus, Flockning, Patronfilter.<\/p>\n<p>Exempel. \u00a0F\u00f6r en lista p\u00e5 de patronfilter vi f\u00f6r s\u00e5 kan du klicka\u00a0h\u00e4r f\u00f6r en broschyr: <strong>\u00a0<a href=\"http:\/\/askamaskinstation.se\/start\/wp-content\/uploads\/2017\/07\/4evergreen-vattenfilter.pdf\">4evergreen-vattenfilter<\/a><\/strong><\/p>\n<p>&nbsp;<\/p>\n<p>&nbsp;<\/p>\n<p>&nbsp;<\/p>\n<p>&nbsp;<\/p>\n<p>&nbsp;<\/p>\n","protected":false},"excerpt":{"rendered":"<p>H\u00e4r \u00e4r ett urval av produkter vi handlar med. \u00a0Ta kontakt med oss f\u00f6r fullt urval och f\u00f6r att se om vi har den variant av produkt du s\u00f6ker. Titta \u00e4ven i galleriet f\u00f6r att \u00e4ven se olika produkter vi jobbar med. &nbsp; Reningsverk utan kemikalier Mer info &#8211; KLICKA H\u00c4R &nbsp; &nbsp; Trekammarbrunnar Vi [&hellip;]<\/p>\n","protected":false},"author":1,"featured_media":0,"parent":0,"menu_order":0,"comment_status":"closed","ping_status":"closed","template":"100-width.php","meta":{"_monsterinsights_skip_tracking":false,"_monsterinsights_sitenote_active":false,"_monsterinsights_sitenote_note":"","_monsterinsights_sitenote_category":0,"footnotes":""},"class_list":["post-323","page","type-page","status-publish","hentry"],"_links":{"self":[{"href":"http:\/\/askamaskinstation.se\/start\/wp-json\/wp\/v2\/pages\/323","targetHints":{"allow":["GET"]}}],"collection":[{"href":"http:\/\/askamaskinstation.se\/start\/wp-json\/wp\/v2\/pages"}],"about":[{"href":"http:\/\/askamaskinstation.se\/start\/wp-json\/wp\/v2\/types\/page"}],"author":[{"embeddable":true,"href":"http:\/\/askamaskinstation.se\/start\/wp-json\/wp\/v2\/users\/1"}],"replies":[{"embeddable":true,"href":"http:\/\/askamaskinstation.se\/start\/wp-json\/wp\/v2\/comments?post=323"}],"version-history":[{"count":26,"href":"http:\/\/askamaskinstation.se\/start\/wp-json\/wp\/v2\/pages\/323\/revisions"}],"predecessor-version":[{"id":481,"href":"http:\/\/askamaskinstation.se\/start\/wp-json\/wp\/v2\/pages\/323\/revisions\/481"}],"wp:attachment":[{"href":"http:\/\/askamaskinstation.se\/start\/wp-json\/wp\/v2\/media?parent=323"}],"curies":[{"name":"wp","href":"https:\/\/api.w.org\/{rel}","templated":true}]}}