{"id":329,"date":"2017-07-01T23:40:55","date_gmt":"2017-07-01T21:40:55","guid":{"rendered":"http:\/\/askamaskinstation.se\/start\/?page_id=329"},"modified":"2022-04-19T23:15:39","modified_gmt":"2022-04-19T21:15:39","slug":"tjanster","status":"publish","type":"page","link":"http:\/\/askamaskinstation.se\/start\/tjanster\/","title":{"rendered":"Tj\u00e4nster"},"content":{"rendered":"<p>H\u00e4r \u00e4r lite av de olika tj\u00e4nster vi erbjuder.<\/p>\n<p>Trekammaranl\u00e4ggningar<\/p>\n<p>Med infiltration eller markb\u00e4dd. \u00a0\u00c4ven <a href=\"http:\/\/www.xn--markbddpburk-kcbr.se\/\">markb\u00e4dd p\u00e5 burk.<\/a><\/p>\n<p>Minireningsverk f\u00f6r normal och h\u00f6g skyddsniv\u00e5, \u00e4ven kemfria.<\/p>\n<p>Vi \u00e4r diplomerade \u00a0f\u00f6r Sm\u00e5 Avlopp<\/p>\n<p>Vi kan ta hand om hela processen fram till en godk\u00e4nd avloppsanl\u00e4ggning, det omfattar b.l.a:<\/p>\n<ul>\n<li>F\u00f6runders\u00f6kning<\/li>\n<li>Geoteknik unders\u00f6kning<\/li>\n<li>Fornminness\u00f6k<\/li>\n<li>Anl\u00e4ggningsf\u00f6rslag<\/li>\n<li>Ritningsunderlag<\/li>\n<li>Genomsl\u00e4pplighetsprov (LTAR v\u00e4rde)<\/li>\n<li>Tillst\u00e5ndss\u00f6kan till kommun<\/li>\n<li>Fotodokumentering<\/li>\n<li>Kontrollplan<\/li>\n<li>Besiktning<\/li>\n<\/ul>\n<p>&nbsp;<\/p>\n<p>Gr\u00e4vning f\u00f6r ytjordv\u00e4rme<\/p>\n<p>T\u00e4ckdikning<\/p>\n<p>Husdr\u00e4nering<\/p>\n<p>Nedpl\u00f6jning av fiberslang<\/p>\n<p>Vattenrening<\/p>\n<p>m.m.<\/p>\n<p>&nbsp;<\/p>\n<p>Vi utf\u00f6r \u00e4ven olika lantbrukstj\u00e4nster<\/p>\n","protected":false},"excerpt":{"rendered":"<p>H\u00e4r \u00e4r lite av de olika tj\u00e4nster vi erbjuder. Trekammaranl\u00e4ggningar Med infiltration eller markb\u00e4dd. \u00a0\u00c4ven markb\u00e4dd p\u00e5 burk. Minireningsverk f\u00f6r normal och h\u00f6g skyddsniv\u00e5, \u00e4ven kemfria. Vi \u00e4r diplomerade \u00a0f\u00f6r Sm\u00e5 Avlopp Vi kan ta hand om hela processen fram till en godk\u00e4nd avloppsanl\u00e4ggning, det omfattar b.l.a: F\u00f6runders\u00f6kning Geoteknik unders\u00f6kning Fornminness\u00f6k Anl\u00e4ggningsf\u00f6rslag Ritningsunderlag Genomsl\u00e4pplighetsprov (LTAR [&hellip;]<\/p>\n","protected":false},"author":1,"featured_media":0,"parent":0,"menu_order":0,"comment_status":"closed","ping_status":"closed","template":"100-width.php","meta":{"_monsterinsights_skip_tracking":false,"_monsterinsights_sitenote_active":false,"_monsterinsights_sitenote_note":"","_monsterinsights_sitenote_category":0,"footnotes":""},"class_list":["post-329","page","type-page","status-publish","hentry"],"_links":{"self":[{"href":"http:\/\/askamaskinstation.se\/start\/wp-json\/wp\/v2\/pages\/329","targetHints":{"allow":["GET"]}}],"collection":[{"href":"http:\/\/askamaskinstation.se\/start\/wp-json\/wp\/v2\/pages"}],"about":[{"href":"http:\/\/askamaskinstation.se\/start\/wp-json\/wp\/v2\/types\/page"}],"author":[{"embeddable":true,"href":"http:\/\/askamaskinstation.se\/start\/wp-json\/wp\/v2\/users\/1"}],"replies":[{"embeddable":true,"href":"http:\/\/askamaskinstation.se\/start\/wp-json\/wp\/v2\/comments?post=329"}],"version-history":[{"count":9,"href":"http:\/\/askamaskinstation.se\/start\/wp-json\/wp\/v2\/pages\/329\/revisions"}],"predecessor-version":[{"id":470,"href":"http:\/\/askamaskinstation.se\/start\/wp-json\/wp\/v2\/pages\/329\/revisions\/470"}],"wp:attachment":[{"href":"http:\/\/askamaskinstation.se\/start\/wp-json\/wp\/v2\/media?parent=329"}],"curies":[{"name":"wp","href":"https:\/\/api.w.org\/{rel}","templated":true}]}}