{"id":349,"date":"2017-07-02T15:11:01","date_gmt":"2017-07-02T13:11:01","guid":{"rendered":"http:\/\/askamaskinstation.se\/start\/?page_id=349"},"modified":"2022-04-19T23:12:50","modified_gmt":"2022-04-19T21:12:50","slug":"it","status":"publish","type":"page","link":"http:\/\/askamaskinstation.se\/start\/it\/","title":{"rendered":"IT"},"content":{"rendered":"<p>Skr\u00e4ddarsydda h\u00e5rdvaru- och mjukvarul\u00f6sningar.<\/p>\n<p>&nbsp;<\/p>\n<p>&nbsp;<\/p>\n","protected":false},"excerpt":{"rendered":"<p>Skr\u00e4ddarsydda h\u00e5rdvaru- och mjukvarul\u00f6sningar. &nbsp; &nbsp;<\/p>\n","protected":false},"author":1,"featured_media":0,"parent":0,"menu_order":0,"comment_status":"closed","ping_status":"closed","template":"100-width.php","meta":{"_monsterinsights_skip_tracking":false,"_monsterinsights_sitenote_active":false,"_monsterinsights_sitenote_note":"","_monsterinsights_sitenote_category":0,"footnotes":""},"class_list":["post-349","page","type-page","status-publish","hentry"],"_links":{"self":[{"href":"http:\/\/askamaskinstation.se\/start\/wp-json\/wp\/v2\/pages\/349","targetHints":{"allow":["GET"]}}],"collection":[{"href":"http:\/\/askamaskinstation.se\/start\/wp-json\/wp\/v2\/pages"}],"about":[{"href":"http:\/\/askamaskinstation.se\/start\/wp-json\/wp\/v2\/types\/page"}],"author":[{"embeddable":true,"href":"http:\/\/askamaskinstation.se\/start\/wp-json\/wp\/v2\/users\/1"}],"replies":[{"embeddable":true,"href":"http:\/\/askamaskinstation.se\/start\/wp-json\/wp\/v2\/comments?post=349"}],"version-history":[{"count":4,"href":"http:\/\/askamaskinstation.se\/start\/wp-json\/wp\/v2\/pages\/349\/revisions"}],"predecessor-version":[{"id":467,"href":"http:\/\/askamaskinstation.se\/start\/wp-json\/wp\/v2\/pages\/349\/revisions\/467"}],"wp:attachment":[{"href":"http:\/\/askamaskinstation.se\/start\/wp-json\/wp\/v2\/media?parent=349"}],"curies":[{"name":"wp","href":"https:\/\/api.w.org\/{rel}","templated":true}]}}