{"id":453,"date":"2019-06-16T18:32:46","date_gmt":"2019-06-16T16:32:46","guid":{"rendered":"http:\/\/askamaskinstation.se\/start\/?page_id=453"},"modified":"2019-06-16T18:32:46","modified_gmt":"2019-06-16T16:32:46","slug":"lantbruk","status":"publish","type":"page","link":"http:\/\/askamaskinstation.se\/start\/lantbruk\/","title":{"rendered":"Lantbruk"},"content":{"rendered":"<p>P\u00e5 v\u00e5r g\u00e5rd bedriver vi spannm\u00e5lsproduktion. Det mesta arbetet utf\u00f6r vi sj\u00e4lva, fr\u00e5n s\u00e5dd till inlagring.<\/p>\n","protected":false},"excerpt":{"rendered":"<p>P\u00e5 v\u00e5r g\u00e5rd bedriver vi spannm\u00e5lsproduktion. Det mesta arbetet utf\u00f6r vi sj\u00e4lva, fr\u00e5n s\u00e5dd till inlagring.<\/p>\n","protected":false},"author":1,"featured_media":0,"parent":0,"menu_order":0,"comment_status":"closed","ping_status":"closed","template":"","meta":{"_monsterinsights_skip_tracking":false,"_monsterinsights_sitenote_active":false,"_monsterinsights_sitenote_note":"","_monsterinsights_sitenote_category":0,"footnotes":""},"class_list":["post-453","page","type-page","status-publish","hentry"],"_links":{"self":[{"href":"http:\/\/askamaskinstation.se\/start\/wp-json\/wp\/v2\/pages\/453","targetHints":{"allow":["GET"]}}],"collection":[{"href":"http:\/\/askamaskinstation.se\/start\/wp-json\/wp\/v2\/pages"}],"about":[{"href":"http:\/\/askamaskinstation.se\/start\/wp-json\/wp\/v2\/types\/page"}],"author":[{"embeddable":true,"href":"http:\/\/askamaskinstation.se\/start\/wp-json\/wp\/v2\/users\/1"}],"replies":[{"embeddable":true,"href":"http:\/\/askamaskinstation.se\/start\/wp-json\/wp\/v2\/comments?post=453"}],"version-history":[{"count":1,"href":"http:\/\/askamaskinstation.se\/start\/wp-json\/wp\/v2\/pages\/453\/revisions"}],"predecessor-version":[{"id":454,"href":"http:\/\/askamaskinstation.se\/start\/wp-json\/wp\/v2\/pages\/453\/revisions\/454"}],"wp:attachment":[{"href":"http:\/\/askamaskinstation.se\/start\/wp-json\/wp\/v2\/media?parent=453"}],"curies":[{"name":"wp","href":"https:\/\/api.w.org\/{rel}","templated":true}]}}